{"id":18,"date":"2022-04-07T13:50:29","date_gmt":"2022-04-07T13:50:29","guid":{"rendered":"http:\/\/dar-ahwach.com\/?page_id=18"},"modified":"2023-07-06T15:02:30","modified_gmt":"2023-07-06T15:02:30","slug":"services","status":"publish","type":"page","link":"https:\/\/dar-ahwach.com\/en\/services\/","title":{"rendered":"Services"},"content":{"rendered":"<div data-elementor-type=\"wp-page\" data-elementor-id=\"18\" class=\"elementor elementor-18\">\n\t\t\t\t\t\t<div class=\"elementor-inner\">\n\t\t\t\t<div class=\"elementor-section-wrap\">\n\t\t\t\t\t\t\t\t\t<section class=\"elementor-section elementor-top-section elementor-element elementor-element-383608a elementor-section-content-middle elementor-section-full_width elementor-section-height-min-height elementor-section-items-stretch elementor-section-height-default\" data-id=\"383608a\" data-element_type=\"section\" data-settings=\"{&quot;ekit_has_onepagescroll_dot&quot;:&quot;yes&quot;}\">\n\t\t\t\t\t\t<div class=\"elementor-container elementor-column-gap-no\">\n\t\t\t\t\t\t\t<div class=\"elementor-row\">\n\t\t\t\t\t<div class=\"elementor-column elementor-col-33 elementor-top-column elementor-element elementor-element-dc40588\" data-id=\"dc40588\" data-element_type=\"column\" data-settings=\"{&quot;background_background&quot;:&quot;classic&quot;}\">\n\t\t\t<div class=\"elementor-column-wrap elementor-element-populated\">\n\t\t\t\t\t\t\t<div class=\"elementor-widget-wrap\">\n\t\t\t\t\t\t<div class=\"elementor-element elementor-element-9ea5c2f elementor-widget elementor-widget-spacer\" data-id=\"9ea5c2f\" data-element_type=\"widget\" data-settings=\"{&quot;ekit_we_effect_on&quot;:&quot;none&quot;}\" data-widget_type=\"spacer.default\">\n\t\t\t\t<div class=\"elementor-widget-container\">\n\t\t\t\t\t<div class=\"elementor-spacer\">\n\t\t\t<div class=\"elementor-spacer-inner\"><\/div>\n\t\t<\/div>\n\t\t\t\t<\/div>\n\t\t\t\t<\/div>\n\t\t\t\t\t\t<\/div>\n\t\t\t\t\t<\/div>\n\t\t<\/div>\n\t\t\t\t<div class=\"elementor-column elementor-col-33 elementor-top-column elementor-element elementor-element-341b02e\" data-id=\"341b02e\" data-element_type=\"column\">\n\t\t\t<div class=\"elementor-column-wrap elementor-element-populated\">\n\t\t\t\t\t\t\t<div class=\"elementor-widget-wrap\">\n\t\t\t\t\t\t<div class=\"elementor-element elementor-element-efed7e8 elementor-widget-divider--separator-type-pattern elementor-widget-divider--no-spacing elementor-widget-divider--view-line elementor-widget elementor-widget-divider\" data-id=\"efed7e8\" data-element_type=\"widget\" data-settings=\"{&quot;ekit_we_effect_on&quot;:&quot;none&quot;}\" data-widget_type=\"divider.default\">\n\t\t\t\t<div class=\"elementor-widget-container\">\n\t\t\t\t\t<div class=\"elementor-divider\" style=\"--divider-pattern-url: url(&quot;data:image\/svg+xml,%3Csvg xmlns=&#039;http:\/\/www.w3.org\/2000\/svg&#039; preserveAspectRatio=&#039;none&#039; overflow=&#039;visible&#039; height=&#039;100%&#039; viewBox=&#039;0 0 24 24&#039; fill=&#039;black&#039; stroke=&#039;none&#039;%3E%3Cpath d=&#039;M24,8v12H0V8H24z M24,4v1H0V4H24z&#039;\/%3E%3C\/svg%3E&quot;);\">\n\t\t\t<span class=\"elementor-divider-separator\">\n\t\t\t\t\t\t<\/span>\n\t\t<\/div>\n\t\t\t\t<\/div>\n\t\t\t\t<\/div>\n\t\t\t\t<div class=\"elementor-element elementor-element-14bac59 elementor-widget elementor-widget-heading\" data-id=\"14bac59\" data-element_type=\"widget\" data-settings=\"{&quot;ekit_we_effect_on&quot;:&quot;none&quot;}\" data-widget_type=\"heading.default\">\n\t\t\t\t<div class=\"elementor-widget-container\">\n\t\t\t<h2 class=\"elementor-heading-title elementor-size-default\">At the service of guests<\/h2>\t\t<\/div>\n\t\t\t\t<\/div>\n\t\t\t\t<div class=\"elementor-element elementor-element-5d750f4 elementor-widget-divider--view-line elementor-widget elementor-widget-divider\" data-id=\"5d750f4\" data-element_type=\"widget\" data-settings=\"{&quot;ekit_we_effect_on&quot;:&quot;none&quot;}\" data-widget_type=\"divider.default\">\n\t\t\t\t<div class=\"elementor-widget-container\">\n\t\t\t\t\t<div class=\"elementor-divider\">\n\t\t\t<span class=\"elementor-divider-separator\">\n\t\t\t\t\t\t<\/span>\n\t\t<\/div>\n\t\t\t\t<\/div>\n\t\t\t\t<\/div>\n\t\t\t\t<div class=\"elementor-element elementor-element-053eda9 elementor-widget elementor-widget-text-editor\" data-id=\"053eda9\" data-element_type=\"widget\" data-settings=\"{&quot;ekit_we_effect_on&quot;:&quot;none&quot;}\" data-widget_type=\"text-editor.default\">\n\t\t\t\t<div class=\"elementor-widget-container\">\n\t\t\t\t\t\t\t\t<div class=\"elementor-text-editor elementor-clearfix\">\n\t\t\t\t<p>The pick up at the airport or at the railway station can be assured by a ponctual driver with a touristic van. He will drive to the meeting point Dar el Bacha, near the riad Dar Ahwach.<\/p><p>The transfert is paid by guests to the driver.<\/p><p>Upon your arrival at Dar Ahwach you will be welcomed by our housekeeper who will assist you throughout your stay.\u00a0<span style=\"background-color: var(--ast-global-color-5);\">Bottle of water, mint tea and\u00a0<\/span><span style=\"font-style: inherit; background-color: var(--ast-global-color-5);\">homemade cookies will be offered to you<\/span><span style=\"font-style: inherit; background-color: var(--ast-global-color-5);\">.<\/span><\/p><p>Breakfasts are included in the rate. On request, you will enjoy meals using the rich traditional\nMoroccan cuisine (tajines, couscous, salads, desserts).<\/p><p>Possibility of paid cooking classes at the riad starting with purchases at the nearby market followed by the sharing of recipes of the famous traditional Moroccan cuisine. See the schedule with the housekeeper.<br \/><strong>\u2013 Tips for outdoor activities and good local addresses.<\/strong><\/p><p><b>Dar Ahwach<\/b> will propose a programme of excursions. Those of a day will lead you to the valley of Ourika, to the douars of the Atlas and the summit of Oukemaiden, the waterfalls of Ouzoud, Essaouira, among others. In 2 or 3 days, you will reach A\u00eft Benadou, Ouarzazate, Draa Valley,\nMerzouga, Zagora, etc.<\/p><p>Internet wifi and television with international channels are at your disposal; air-conditioning in\nsummer and heating in winter. Possibility of cooking classes at the riad or outside, advice for outdoor activities.<\/p>\t\t\t\t\t<\/div>\n\t\t\t\t\t\t<\/div>\n\t\t\t\t<\/div>\n\t\t\t\t\t\t<\/div>\n\t\t\t\t\t<\/div>\n\t\t<\/div>\n\t\t\t\t<div class=\"elementor-column elementor-col-33 elementor-top-column elementor-element elementor-element-8d5823a elementor-hidden-mobile\" data-id=\"8d5823a\" data-element_type=\"column\" data-settings=\"{&quot;background_background&quot;:&quot;classic&quot;}\">\n\t\t\t<div class=\"elementor-column-wrap elementor-element-populated\">\n\t\t\t\t\t\t\t<div class=\"elementor-widget-wrap\">\n\t\t\t\t\t\t<div class=\"elementor-element elementor-element-2ad95f4 elementor-widget elementor-widget-spacer\" data-id=\"2ad95f4\" data-element_type=\"widget\" data-settings=\"{&quot;ekit_we_effect_on&quot;:&quot;none&quot;}\" data-widget_type=\"spacer.default\">\n\t\t\t\t<div class=\"elementor-widget-container\">\n\t\t\t\t\t<div class=\"elementor-spacer\">\n\t\t\t<div class=\"elementor-spacer-inner\"><\/div>\n\t\t<\/div>\n\t\t\t\t<\/div>\n\t\t\t\t<\/div>\n\t\t\t\t\t\t<\/div>\n\t\t\t\t\t<\/div>\n\t\t<\/div>\n\t\t\t\t\t\t\t\t<\/div>\n\t\t\t\t\t<\/div>\n\t\t<\/section>\n\t\t\t\t<section class=\"elementor-section elementor-top-section elementor-element elementor-element-209e44f elementor-section-content-middle elementor-section-full_width elementor-section-height-min-height elementor-section-items-stretch elementor-reverse-mobile elementor-section-height-default\" data-id=\"209e44f\" data-element_type=\"section\" data-settings=\"{&quot;ekit_has_onepagescroll_dot&quot;:&quot;yes&quot;}\">\n\t\t\t\t\t\t<div class=\"elementor-container elementor-column-gap-no\">\n\t\t\t\t\t\t\t<div class=\"elementor-row\">\n\t\t\t\t\t<div class=\"elementor-column elementor-col-33 elementor-top-column elementor-element elementor-element-37619cc elementor-hidden-mobile\" data-id=\"37619cc\" data-element_type=\"column\" data-settings=\"{&quot;background_background&quot;:&quot;classic&quot;}\">\n\t\t\t<div class=\"elementor-column-wrap elementor-element-populated\">\n\t\t\t\t\t\t\t<div class=\"elementor-widget-wrap\">\n\t\t\t\t\t\t<div class=\"elementor-element elementor-element-49a9d4b elementor-widget elementor-widget-spacer\" data-id=\"49a9d4b\" data-element_type=\"widget\" data-settings=\"{&quot;ekit_we_effect_on&quot;:&quot;none&quot;}\" data-widget_type=\"spacer.default\">\n\t\t\t\t<div class=\"elementor-widget-container\">\n\t\t\t\t\t<div class=\"elementor-spacer\">\n\t\t\t<div class=\"elementor-spacer-inner\"><\/div>\n\t\t<\/div>\n\t\t\t\t<\/div>\n\t\t\t\t<\/div>\n\t\t\t\t\t\t<\/div>\n\t\t\t\t\t<\/div>\n\t\t<\/div>\n\t\t\t\t<div class=\"elementor-column elementor-col-33 elementor-top-column elementor-element elementor-element-44878e7\" data-id=\"44878e7\" data-element_type=\"column\">\n\t\t\t<div class=\"elementor-column-wrap elementor-element-populated\">\n\t\t\t\t\t\t\t<div class=\"elementor-widget-wrap\">\n\t\t\t\t\t\t<div class=\"elementor-element elementor-element-085a000 elementor-widget elementor-widget-heading\" data-id=\"085a000\" data-element_type=\"widget\" data-settings=\"{&quot;ekit_we_effect_on&quot;:&quot;none&quot;}\" data-widget_type=\"heading.default\">\n\t\t\t\t<div class=\"elementor-widget-container\">\n\t\t\t<h2 class=\"elementor-heading-title elementor-size-default\">To enhance your stay<\/h2>\t\t<\/div>\n\t\t\t\t<\/div>\n\t\t\t\t<div class=\"elementor-element elementor-element-89a9498 elementor-widget-divider--view-line elementor-widget elementor-widget-divider\" data-id=\"89a9498\" data-element_type=\"widget\" data-settings=\"{&quot;ekit_we_effect_on&quot;:&quot;none&quot;}\" data-widget_type=\"divider.default\">\n\t\t\t\t<div class=\"elementor-widget-container\">\n\t\t\t\t\t<div class=\"elementor-divider\">\n\t\t\t<span class=\"elementor-divider-separator\">\n\t\t\t\t\t\t<\/span>\n\t\t<\/div>\n\t\t\t\t<\/div>\n\t\t\t\t<\/div>\n\t\t\t\t<div class=\"elementor-element elementor-element-271e8b4 elementor-widget elementor-widget-text-editor\" data-id=\"271e8b4\" data-element_type=\"widget\" data-settings=\"{&quot;ekit_we_effect_on&quot;:&quot;none&quot;}\" data-widget_type=\"text-editor.default\">\n\t\t\t\t<div class=\"elementor-widget-container\">\n\t\t\t\t\t\t\t\t<div class=\"elementor-text-editor elementor-clearfix\">\n\t\t\t\t<p>Strolls and shopping in the souks, visits to local monuments such as Badi Palace, Bahia Palace,\nSaadian Tombs, etc. And also the Secret Garden, the Majorelle Garden, as well as some\nmuseums: Yves Saint-Laurent Museum, Confluences Museum, Dar Si Sa\u00efd Museum, Marocan Culinary Art Museum, etc\u2026<\/p>\n<p>Indulge in delicious moments of relaxation in a hammam, sip an orange juice or dine in some\nprivileged places will punctuate your stay at Dar Ahwach. Numerous restaurants of all types\nare present in all areas of the city. Besides Moroccan restaurants, other flavors such as Thai, Lebanese, Italian, French, Japanese, etc.<\/p>\n<p>We hope you have a great time at Dar Ahwach.<\/p>\t\t\t\t\t<\/div>\n\t\t\t\t\t\t<\/div>\n\t\t\t\t<\/div>\n\t\t\t\t\t\t<\/div>\n\t\t\t\t\t<\/div>\n\t\t<\/div>\n\t\t\t\t<div class=\"elementor-column elementor-col-33 elementor-top-column elementor-element elementor-element-b034423\" data-id=\"b034423\" data-element_type=\"column\" data-settings=\"{&quot;background_background&quot;:&quot;slideshow&quot;,&quot;background_slideshow_gallery&quot;:[{&quot;id&quot;:414,&quot;url&quot;:&quot;https:\\\/\\\/dar-ahwach.com\\\/wp-content\\\/uploads\\\/2022\\\/06\\\/Jamaa-elfna.jpg&quot;},{&quot;id&quot;:417,&quot;url&quot;:&quot;https:\\\/\\\/dar-ahwach.com\\\/wp-content\\\/uploads\\\/2022\\\/06\\\/ff73ba202d31bd068a9e4a8148564bbb.jpg&quot;},{&quot;id&quot;:422,&quot;url&quot;:&quot;https:\\\/\\\/dar-ahwach.com\\\/wp-content\\\/uploads\\\/2022\\\/06\\\/le-jardin-secret-marrakech.jpg&quot;},{&quot;id&quot;:424,&quot;url&quot;:&quot;https:\\\/\\\/dar-ahwach.com\\\/wp-content\\\/uploads\\\/2022\\\/06\\\/istockphoto-1124479889-612x612-1.jpg&quot;},{&quot;id&quot;:416,&quot;url&quot;:&quot;https:\\\/\\\/dar-ahwach.com\\\/wp-content\\\/uploads\\\/2022\\\/06\\\/serpent-jamaa-el-fnaa-marrakech.jpeg&quot;},{&quot;id&quot;:420,&quot;url&quot;:&quot;https:\\\/\\\/dar-ahwach.com\\\/wp-content\\\/uploads\\\/2022\\\/06\\\/SKO-MSL-FINI-013_PatioCirculaire1.jpg&quot;}],&quot;background_slideshow_ken_burns&quot;:&quot;yes&quot;,&quot;background_slideshow_loop&quot;:&quot;yes&quot;,&quot;background_slideshow_slide_duration&quot;:5000,&quot;background_slideshow_slide_transition&quot;:&quot;fade&quot;,&quot;background_slideshow_transition_duration&quot;:500,&quot;background_slideshow_ken_burns_zoom_direction&quot;:&quot;in&quot;}\">\n\t\t\t<div class=\"elementor-column-wrap elementor-element-populated\">\n\t\t\t\t\t\t\t<div class=\"elementor-widget-wrap\">\n\t\t\t\t\t\t<div class=\"elementor-element elementor-element-3d2f2d5 elementor-widget elementor-widget-spacer\" data-id=\"3d2f2d5\" data-element_type=\"widget\" data-settings=\"{&quot;ekit_we_effect_on&quot;:&quot;none&quot;}\" data-widget_type=\"spacer.default\">\n\t\t\t\t<div class=\"elementor-widget-container\">\n\t\t\t\t\t<div class=\"elementor-spacer\">\n\t\t\t<div class=\"elementor-spacer-inner\"><\/div>\n\t\t<\/div>\n\t\t\t\t<\/div>\n\t\t\t\t<\/div>\n\t\t\t\t\t\t<\/div>\n\t\t\t\t\t<\/div>\n\t\t<\/div>\n\t\t\t\t\t\t\t\t<\/div>\n\t\t\t\t\t<\/div>\n\t\t<\/section>\n\t\t\t\t<section class=\"elementor-section elementor-top-section elementor-element elementor-element-3152559 elementor-section-boxed elementor-section-height-default elementor-section-height-default\" data-id=\"3152559\" data-element_type=\"section\" data-settings=\"{&quot;background_background&quot;:&quot;classic&quot;,&quot;ekit_has_onepagescroll_dot&quot;:&quot;yes&quot;}\">\n\t\t\t\t\t\t<div class=\"elementor-container elementor-column-gap-default\">\n\t\t\t\t\t\t\t<div class=\"elementor-row\">\n\t\t\t\t\t<div class=\"elementor-column elementor-col-100 elementor-top-column elementor-element elementor-element-6f52a90\" data-id=\"6f52a90\" data-element_type=\"column\">\n\t\t\t<div class=\"elementor-column-wrap elementor-element-populated\">\n\t\t\t\t\t\t\t<div class=\"elementor-widget-wrap\">\n\t\t\t\t\t\t<div class=\"elementor-element elementor-element-843489b elementor-widget elementor-widget-text-editor\" data-id=\"843489b\" data-element_type=\"widget\" data-settings=\"{&quot;ekit_we_effect_on&quot;:&quot;none&quot;}\" data-widget_type=\"text-editor.default\">\n\t\t\t\t<div class=\"elementor-widget-container\">\n\t\t\t\t\t\t\t\t<div class=\"elementor-text-editor elementor-clearfix\">\n\t\t\t\t<p>DAR AHWACH, Commercial register 134146 \u2013 tax id. 48567057 \u2013 Professional tax 45601253<br \/>ICE Code 002749617000067 - National Social Security Fund n\u00b0 2373973<\/p>\t\t\t\t\t<\/div>\n\t\t\t\t\t\t<\/div>\n\t\t\t\t<\/div>\n\t\t\t\t\t\t<\/div>\n\t\t\t\t\t<\/div>\n\t\t<\/div>\n\t\t\t\t\t\t\t\t<\/div>\n\t\t\t\t\t<\/div>\n\t\t<\/section>\n\t\t\t\t\t\t\t\t\t<\/div>\n\t\t\t<\/div>\n\t\t\t\t\t<\/div>","protected":false},"excerpt":{"rendered":"<p>Au service des h\u00f4tes L\u2019accueil \u00e0 l\u2019a\u00e9roport peut \u00eatre assur\u00e9 par un chauffeur ponctuel au moyen d\u2019un van touristique qui vous conduira \u00e0 Dar el Bacha, le point d&rsquo;accueil proche du riad. Transfert payant. A l&rsquo;arriv\u00e9e \u00e0 Dar Ahwach vous b\u00e9n\u00e9ficierez de l&rsquo;accueil d&rsquo;une personne de service qui vous assistera pendant tout votre s\u00e9jour.\u00a0Bouteille d\u2019eau, &hellip;<\/p>\n<p class=\"read-more\"> <a class=\"\" href=\"https:\/\/dar-ahwach.com\/en\/services\/\"> <span class=\"screen-reader-text\">Services<\/span> Read More &raquo;<\/a><\/p>","protected":false},"author":1,"featured_media":0,"parent":0,"menu_order":0,"comment_status":"closed","ping_status":"closed","template":"","meta":{"site-sidebar-layout":"no-sidebar","site-content-layout":"page-builder","ast-global-header-display":"","ast-main-header-display":"","ast-hfb-above-header-display":"","ast-hfb-below-header-display":"","ast-hfb-mobile-header-display":"","site-post-title":"disabled","ast-breadcrumbs-content":"","ast-featured-img":"disabled","footer-sml-layout":"","theme-transparent-header-meta":"","adv-header-id-meta":"","stick-header-meta":"","header-above-stick-meta":"","header-main-stick-meta":"","header-below-stick-meta":"","footnotes":""},"class_list":["post-18","page","type-page","status-publish","hentry"],"_links":{"self":[{"href":"https:\/\/dar-ahwach.com\/en\/wp-json\/wp\/v2\/pages\/18","targetHints":{"allow":["GET"]}}],"collection":[{"href":"https:\/\/dar-ahwach.com\/en\/wp-json\/wp\/v2\/pages"}],"about":[{"href":"https:\/\/dar-ahwach.com\/en\/wp-json\/wp\/v2\/types\/page"}],"author":[{"embeddable":true,"href":"https:\/\/dar-ahwach.com\/en\/wp-json\/wp\/v2\/users\/1"}],"replies":[{"embeddable":true,"href":"https:\/\/dar-ahwach.com\/en\/wp-json\/wp\/v2\/comments?post=18"}],"version-history":[{"count":55,"href":"https:\/\/dar-ahwach.com\/en\/wp-json\/wp\/v2\/pages\/18\/revisions"}],"predecessor-version":[{"id":1172,"href":"https:\/\/dar-ahwach.com\/en\/wp-json\/wp\/v2\/pages\/18\/revisions\/1172"}],"wp:attachment":[{"href":"https:\/\/dar-ahwach.com\/en\/wp-json\/wp\/v2\/media?parent=18"}],"curies":[{"name":"wp","href":"https:\/\/api.w.org\/{rel}","templated":true}]}}